{"id":100052,"date":"2025-02-24T21:40:14","date_gmt":"2025-02-24T21:40:14","guid":{"rendered":"http:\/\/bj.krei.pl\/?page_id=100052"},"modified":"2025-05-27T11:24:53","modified_gmt":"2025-05-27T11:24:53","slug":"aktuelles","status":"publish","type":"page","link":"https:\/\/www.barbarajakel.at\/it\/person-de\/aktuelles\/","title":{"rendered":"Notizia"},"content":{"rendered":"<p>[et_pb_section fb_built=&#8220;1&#8243; _builder_version=&#8220;4.27.4&#8243; _module_preset=&#8220;default&#8220; background_enable_color=&#8220;off&#8220; use_background_color_gradient=&#8220;on&#8220; background_color_gradient_stops=&#8220;#f8f5ed 0%|rgba(248,245,237,0.92) 100%&#8220; background_color_gradient_overlays_image=&#8220;on&#8220; background_enable_image=&#8220;off&#8220; custom_padding=&#8220;40px||40px||true|false&#8220; locked=&#8220;off&#8220; global_colors_info=&#8220;{}&#8220;][et_pb_row column_structure=&#8220;1_2,1_2&#8243; custom_padding_last_edited=&#8220;on|phone&#8220; _builder_version=&#8220;4.18.1&#8243; _module_preset=&#8220;default&#8220; custom_padding_tablet=&#8220;&#8220; custom_padding_phone=&#8220;0px||||false|false&#8220; custom_css_main_element=&#8220;display: flex;||align-items: center;&#8220; global_colors_info=&#8220;{}&#8220; custom_css_main_element_last_edited=&#8220;on|tablet&#8220; custom_css_main_element_tablet=&#8220;display: block;&#8220; custom_css_main_element_phone=&#8220;display: block;&#8220;][et_pb_column type=&#8220;1_2&#8243; _builder_version=&#8220;4.18.1&#8243; _module_preset=&#8220;default&#8220; global_colors_info=&#8220;{}&#8220;][et_pb_text _builder_version=&#8220;4.18.1&#8243; _dynamic_attributes=&#8220;content&#8220; _module_preset=&#8220;default&#8220; header_2_text_color=&#8220;#000000&#8243; header_2_font_size=&#8220;40px&#8220; custom_margin=&#8220;||0px||false|false&#8220; custom_margin_tablet=&#8220;||10px||false|false&#8220; custom_margin_phone=&#8220;||10px||false|false&#8220; custom_margin_last_edited=&#8220;on|phone&#8220; header_2_font_size_tablet=&#8220;36px&#8220; header_2_font_size_phone=&#8220;30px&#8220; header_2_font_size_last_edited=&#8220;on|phone&#8220; global_colors_info=&#8220;{}&#8220;]@ET-DC@eyJkeW5hbWljIjp0cnVlLCJjb250ZW50IjoicG9zdF90aXRsZSIsInNldHRpbmdzIjp7ImJlZm9yZSI6IjxoMj4iLCJhZnRlciI6IjwvaDI+In19@[\/et_pb_text][\/et_pb_column][et_pb_column type=&#8220;1_2&#8243; _builder_version=&#8220;4.18.1&#8243; _module_preset=&#8220;default&#8220; overflow-x=&#8220;visible&#8220; overflow-y=&#8220;visible&#8220; global_colors_info=&#8220;{}&#8220;][\/et_pb_column][\/et_pb_row][\/et_pb_section][et_pb_section fb_built=&#8220;1&#8243; _builder_version=&#8220;4.16&#8243; _module_preset=&#8220;default&#8220; global_colors_info=&#8220;{}&#8220;][et_pb_row column_structure=&#8220;1_2,1_2&#8243; _builder_version=&#8220;4.27.4&#8243; _module_preset=&#8220;default&#8220; global_colors_info=&#8220;{}&#8220;][et_pb_column type=&#8220;1_2&#8243; _builder_version=&#8220;4.27.4&#8243; _module_preset=&#8220;default&#8220; global_colors_info=&#8220;{}&#8220;][et_pb_video src=&#8220;https:\/\/www.youtube.com\/watch?v=sQ2k2nhiM-k&#8220; _builder_version=&#8220;4.27.4&#8243; _module_preset=&#8220;default&#8220; global_colors_info=&#8220;{}&#8220;][\/et_pb_video][et_pb_video src=&#8220;https:\/\/www.youtube.com\/watch?v=-7Y_6VYp3ow&#8220; _builder_version=&#8220;4.27.4&#8243; _module_preset=&#8220;default&#8220; hover_enabled=&#8220;0&#8243; global_colors_info=&#8220;{}&#8220; sticky_enabled=&#8220;0&#8243;][\/et_pb_video][et_pb_video src=&#8220;https:\/\/www.youtube.com\/watch?v=FCfRxLCC98I&#8220; _builder_version=&#8220;4.27.4&#8243; _module_preset=&#8220;default&#8220; global_colors_info=&#8220;{}&#8220;][\/et_pb_video][et_pb_video src=&#8220;https:\/\/youtu.be\/uOxQcdPyZ_Y?si=m6dcMcTrz51US-Qm&#8220; _builder_version=&#8220;4.27.4&#8243; _module_preset=&#8220;default&#8220; global_colors_info=&#8220;{}&#8220;][\/et_pb_video][et_pb_video src=&#8220;https:\/\/www.youtube.com\/watch?v=SxsoySk8BSo&#8220; _builder_version=&#8220;4.27.4&#8243; _module_preset=&#8220;default&#8220; global_colors_info=&#8220;{}&#8220;][\/et_pb_video][et_pb_video src=&#8220;https:\/\/www.youtube.com\/watch?v=Kqay7dzFXWA&#8220; _builder_version=&#8220;4.27.4&#8243; _module_preset=&#8220;default&#8220; global_colors_info=&#8220;{}&#8220;][\/et_pb_video][et_pb_image src=&#8220;http:\/\/barbarajakel.at\/wp-content\/uploads\/2025\/02\/Kongress-Einsamkeit-mit-Barbara-Jackel-1.webp&#8220; title_text=&#8220;Kongress-Einsamkeit-mit-Barbara-Jackel&#8220; _builder_version=&#8220;4.27.4&#8243; _module_preset=&#8220;default&#8220; global_colors_info=&#8220;{}&#8220;][\/et_pb_image][et_pb_text _builder_version=&#8220;4.27.4&#8243; _module_preset=&#8220;default&#8220; global_colors_info=&#8220;{}&#8220;]<\/p>\n<h2 class=\"entry-title\">Kongressank\u00fcndigung: \u201eLebender Zwilling- vom Verlust zur Freude 2.0\u201c<\/h2>\n<p><a href=\"https:\/\/www.digistore24.com\/content\/467967\/40801\/BarbaraJakel\">https:\/\/www.digistore24.com\/content\/467967\/40801\/BarbaraJakel<\/a><\/p>\n<p>&nbsp;<\/p>\n<p>[\/et_pb_text][\/et_pb_column][et_pb_column type=&#8220;1_2&#8243; _builder_version=&#8220;4.27.4&#8243; _module_preset=&#8220;default&#8220; global_colors_info=&#8220;{}&#8220;][et_pb_image src=&#8220;http:\/\/barbarajakel.at\/wp-content\/uploads\/2025\/02\/Grafik-Mag.-Barbara-Jakel.png&#8220; title_text=&#8220;Grafik-Mag.-Barbara-Jakel&#8220; _builder_version=&#8220;4.27.4&#8243; _module_preset=&#8220;default&#8220; global_colors_info=&#8220;{}&#8220;][\/et_pb_image][et_pb_image src=&#8220;http:\/\/barbarajakel.at\/wp-content\/uploads\/2025\/02\/Grafik-FB.png&#8220; title_text=&#8220;Grafik-FB&#8220; _builder_version=&#8220;4.27.4&#8243; _module_preset=&#8220;default&#8220; global_colors_info=&#8220;{}&#8220;][\/et_pb_image][et_pb_text _builder_version=&#8220;4.27.4&#8243; _module_preset=&#8220;default&#8220; global_colors_info=&#8220;{}&#8220;]<\/p>\n<h2 class=\"entry-title\"><a href=\"http:\/\/barbarajakel.at\/zwillingskonferenz-12-21-12-dezember-2022-beitrag-von-barbara-jakel\/\">Zwillingskonferenz, 12-21.12 Dezember 2022, Beitrag von Barbara Jakel<\/a><\/h2>\n<p><span>Interview, Elke Brenner<\/span><\/p>\n<p>\u201eTherapeutische Arbeit dem \u00fcberlebenden Zwilling\u201c- Zusammenfassung<\/p>\n<p>\u00dcberlebende Zwillinge suchen oft unbewusst jene Therapeuten aus, welche sich mit dem pr\u00e4natalen und Geburtstrauma befassen. Sie suchen einen Teil von ihnen selbst- den verlorenen Zwilling in einem Zeitraum, welcher in einer herk\u00f6mmlichen Psychotherapie erstaunlicherweise immer noch kaum Beachtung findet. Die Wahrnehmungen im vorgeburtlichen Zeit- und Bindungsraum unterscheiden sich von jenen nach der Geburt. Sie werden implizit im prozeduralen Ged\u00e4chtnis sehr fr\u00fch, auf subkortikalen Ebenen, gespeichert. Um an diese Speicherung heranzukommen, bedarf es spezieller Zug\u00e4nge auf der Basis klinischer Arbeit. Der vorgeburtliche Raum beinhaltet nicht nur den Uterus der Mutter. Der ganze m\u00fctterliche Organismus samt aller generations\u00fcbergreifender Speicherungen und aktueller existenziellen Situation der Schwangeren, vor allem ihrer unbewussten Psyche haben enorm pr\u00e4genden Einfluss auf die Entwicklung des Menschen vom Anfang seiner Existenz. Das Leben beginnt schon in der Zelle, sie ist sein Prototyp, ein Mikrokosmos voller Informationen. Es beginnt sehr oft zu zweit, ja sogar in mehrfacher \u201eBegleitung\u201c. Diese gemeinsame Zeit mit einem anderen Wesen kann von unterschiedlicher Dauer sein, von Tagen bis Wochen oder gar Monaten. Der Verlust des Zwillings wird dann zu einem der pr\u00e4gendsten Traumata der vorgeburtlichen Zeit. Was davon bleibt, kann den \u00fcberlebenden Zwilling entscheidend beeinflussen im Negativen, aber auch positiv. Da die Erinnerung an diesen Verlust \u201evergessen\u201c wird, bleibt die implizite Speicherung wirksam. Sie macht Symptome, im Bindungsverhalten, im K\u00f6rper, in der Psyche, in der Seele. Der \u00fcberlebende Zwilling begibt sich meist unbewusst auf die Suche nach einem fehlenden Wesen.<\/p>\n<p>[\/et_pb_text][\/et_pb_column][\/et_pb_row][\/et_pb_section]<\/p>\n","protected":false},"excerpt":{"rendered":"<p>Kongressank\u00fcndigung: \u201eLebender Zwilling- vom Verlust zur Freude 2.0\u201c https:\/\/www.digistore24.com\/content\/467967\/40801\/BarbaraJakel &nbsp;Zwillingskonferenz, 12-21.12 Dezember 2022, Beitrag von Barbara Jakel Interview, Elke Brenner \u201eTherapeutische Arbeit dem \u00fcberlebenden Zwilling\u201c- Zusammenfassung \u00dcberlebende Zwillinge suchen oft unbewusst jene Therapeuten aus, welche sich mit dem pr\u00e4natalen und Geburtstrauma befassen. Sie suchen einen Teil von ihnen selbst- den verlorenen Zwilling in einem Zeitraum, [&hellip;]<\/p>\n","protected":false},"author":1,"featured_media":0,"parent":96310,"menu_order":0,"comment_status":"closed","ping_status":"closed","template":"","meta":{"_et_pb_use_builder":"on","_et_pb_old_content":"","_et_gb_content_width":"","footnotes":""},"class_list":["post-100052","page","type-page","status-publish","hentry"],"_links":{"self":[{"href":"https:\/\/www.barbarajakel.at\/it\/wp-json\/wp\/v2\/pages\/100052","targetHints":{"allow":["GET"]}}],"collection":[{"href":"https:\/\/www.barbarajakel.at\/it\/wp-json\/wp\/v2\/pages"}],"about":[{"href":"https:\/\/www.barbarajakel.at\/it\/wp-json\/wp\/v2\/types\/page"}],"author":[{"embeddable":true,"href":"https:\/\/www.barbarajakel.at\/it\/wp-json\/wp\/v2\/users\/1"}],"replies":[{"embeddable":true,"href":"https:\/\/www.barbarajakel.at\/it\/wp-json\/wp\/v2\/comments?post=100052"}],"version-history":[{"count":14,"href":"https:\/\/www.barbarajakel.at\/it\/wp-json\/wp\/v2\/pages\/100052\/revisions"}],"predecessor-version":[{"id":100191,"href":"https:\/\/www.barbarajakel.at\/it\/wp-json\/wp\/v2\/pages\/100052\/revisions\/100191"}],"up":[{"embeddable":true,"href":"https:\/\/www.barbarajakel.at\/it\/wp-json\/wp\/v2\/pages\/96310"}],"wp:attachment":[{"href":"https:\/\/www.barbarajakel.at\/it\/wp-json\/wp\/v2\/media?parent=100052"}],"curies":[{"name":"wp","href":"https:\/\/api.w.org\/{rel}","templated":true}]}}