{"id":100085,"date":"2025-02-24T22:13:36","date_gmt":"2025-02-24T22:13:36","guid":{"rendered":"http:\/\/bj.krei.pl\/?page_id=100085"},"modified":"2025-02-24T22:14:57","modified_gmt":"2025-02-24T22:14:57","slug":"vortrage-seminare-fortbildungen","status":"publish","type":"page","link":"https:\/\/www.barbarajakel.at\/it\/person-de\/vortrage-seminare-fortbildungen\/","title":{"rendered":"Lezioni e seminari e formazione"},"content":{"rendered":"<p>[et_pb_section fb_built=&#8220;1&#8243; _builder_version=&#8220;4.27.4&#8243; _module_preset=&#8220;default&#8220; background_enable_color=&#8220;off&#8220; use_background_color_gradient=&#8220;on&#8220; background_color_gradient_stops=&#8220;#f8f5ed 0%|rgba(248,245,237,0.92) 100%&#8220; background_color_gradient_overlays_image=&#8220;on&#8220; background_enable_image=&#8220;off&#8220; custom_padding=&#8220;40px||40px||true|false&#8220; locked=&#8220;off&#8220; global_colors_info=&#8220;{}&#8220; theme_builder_area=&#8220;post_content&#8220;][et_pb_row custom_padding_last_edited=&#8220;on|phone&#8220; _builder_version=&#8220;4.18.1&#8243; _module_preset=&#8220;default&#8220; custom_padding_tablet=&#8220;&#8220; custom_padding_phone=&#8220;0px||||false|false&#8220; custom_css_main_element=&#8220;display: flex;||align-items: center;&#8220; global_colors_info=&#8220;{}&#8220; custom_css_main_element_last_edited=&#8220;on|tablet&#8220; custom_css_main_element_tablet=&#8220;display: block;&#8220; custom_css_main_element_phone=&#8220;display: block;&#8220; theme_builder_area=&#8220;post_content&#8220;][et_pb_column type=&#8220;4_4&#8243; _builder_version=&#8220;4.18.1&#8243; _module_preset=&#8220;default&#8220; global_colors_info=&#8220;{}&#8220; theme_builder_area=&#8220;post_content&#8220;][et_pb_text _builder_version=&#8220;4.18.1&#8243; _dynamic_attributes=&#8220;content&#8220; _module_preset=&#8220;default&#8220; header_2_text_color=&#8220;#000000&#8243; header_2_font_size=&#8220;40px&#8220; custom_margin=&#8220;||0px||false|false&#8220; custom_margin_tablet=&#8220;||10px||false|false&#8220; custom_margin_phone=&#8220;||10px||false|false&#8220; custom_margin_last_edited=&#8220;on|phone&#8220; header_2_font_size_tablet=&#8220;36px&#8220; header_2_font_size_phone=&#8220;30px&#8220; header_2_font_size_last_edited=&#8220;on|phone&#8220; global_colors_info=&#8220;{}&#8220; theme_builder_area=&#8220;post_content&#8220;]@ET-DC@eyJkeW5hbWljIjp0cnVlLCJjb250ZW50IjoicG9zdF90aXRsZSIsInNldHRpbmdzIjp7ImJlZm9yZSI6IjxoMj4iLCJhZnRlciI6IjwvaDI+In19@[\/et_pb_text][\/et_pb_column][\/et_pb_row][\/et_pb_section][et_pb_section fb_built=&#8220;1&#8243; _builder_version=&#8220;4.16&#8243; _module_preset=&#8220;default&#8220; global_colors_info=&#8220;{}&#8220; theme_builder_area=&#8220;post_content&#8220;][et_pb_row column_structure=&#8220;1_2,1_2&#8243; _builder_version=&#8220;4.27.4&#8243; _module_preset=&#8220;default&#8220; global_colors_info=&#8220;{}&#8220; theme_builder_area=&#8220;post_content&#8220;][et_pb_column type=&#8220;1_2&#8243; _builder_version=&#8220;4.27.4&#8243; _module_preset=&#8220;default&#8220; global_colors_info=&#8220;{}&#8220; theme_builder_area=&#8220;post_content&#8220;][et_pb_text _builder_version=&#8220;4.27.4&#8243; _module_preset=&#8220;default&#8220; custom_margin=&#8220;0px||||false|false&#8220; hover_enabled=&#8220;0&#8243; global_colors_info=&#8220;{}&#8220; theme_builder_area=&#8220;post_content&#8220; sticky_enabled=&#8220;0&#8243;]<\/p>\n<section class=\"ckeditorhtml\">\n<p>PPP Fortbildungen und Seminare im Ausland<\/p>\n<ul>\n<li>2007 &#8211; 2014 Ukraine, Lemberg: PPP Projekt und Supervisionsgruppe<\/li>\n<li>2011 &#8211; 2014 PPP Projekt im Polen, Krakau: PPP Projekt und Supervisionsgruppe: www.academiapsyche.pl<\/li>\n<li>2008 Italien, Uni Parma, Mikropsychoanalyse in Sizilien<\/li>\n<li>Deutschland: Heidelberg, Frankfurt, K\u00f6ln<\/li>\n<li>2002 Niederlande: Nijmegen<\/li>\n<\/ul>\n<p><strong>Interview f\u00fcr EWTN TV u.d.T.: \u201edas Kind vor der Geburt \u2013 das embryonale Selbst\u201c s. Aktuelles<\/p>\n<p>Vorlesungsreihe im Rahmen des PPP Projekts in Polen, Krakau 2011-2013\/14 in polnischer Sprache:<a href=\"htpp:\/\/academiapsyche.pl\">htpp:\/\/academiapsyche.pl<\/a><\/strong><\/p>\n<p><strong>3. Treffen des Wissenschaftlichen Beirats in Berlin<br \/>(ISPPM-Konferenz)<\/strong><br \/><em>23-25.10.2015, Berlin, Deutschland<\/em><\/p>\n<p><strong>2. Treffen des Wissenschaftlichen Beirats in Wiesbaden<\/strong><br \/><em>28\/29.3.2015, Wiesbaden, Deutschland<\/em><\/p>\n<p><strong>1. Treffen des Wissenschaftlichen Beirats von ISPPM in Celle<\/strong><br \/><em>28\/29.2.2014, Celle, Deutschland<\/em><\/p>\n<p><strong>3. Niederschlesische Psychotherapie-Konferenz: \u201ePsychotherapie und Trauma\u201c<\/strong>\u00a0\u2013 Vortrag u.d.T. \u201eFr\u00fches Trauma mit Focus auf pr\u00e4- und perinatale Traumatisierung\u201c, anschlie\u00dfend Workshop<br \/><em>23.11.\u201324.11.2013, Wroclaw, Polen<\/em><\/p>\n<p><strong>\u201eKaiserschnitt-Reinszenierung traumatischer Inhalte in der Einzel- und Gruppentherapie\u201c<\/strong><br \/><em>18.\u201320.10.2013,\u00a0Stolpen, Deutschland<\/em><\/p>\n<p><strong>\u201ePr\u00e4- und Perinatal orientierte Psychotherapie in Praxis.\u201c<\/strong><br \/><em>26.4.\u201328.4.2013,\u00a0Heidelberg, Deutschland<\/em><\/p>\n<p><strong>Galerie Meduna<\/strong><br \/>Vortrag anl\u00e4sslich der Vernissage zum Thema \u201ePr\u00e4natale Motive in der Kunst\u201c<br \/><em>Oktober 2009, Wien<\/em><\/p>\n<p><strong>Capo d\u2019Orlando<\/strong><br \/>Vortrag: \u201eLe radici prenatali dell&#8217;atteaccamento \u2013 alla ricerca di relazionalit\u00e0\u201c<br \/><em>Dezember 2008, Sizilien, Italien<\/em><\/p>\n<p><strong>Sigmund Freud Universit\u00e4t \u2013 Vortragsreihe<\/strong><br \/>Vortrag: PPP<br \/><em>November 2008, Wien<\/em><\/p>\n<p><strong>Internationaler Kongress \u2013 \u201eThe Prenatal Experience Within Neurosciences, Medicine, Psychology and Education\u201c<\/strong><br \/>Vortrag: Prenatal Roots of Attachment in Psychotherapy<br \/><em>24.\/25. Mai 2008, Parma, Italien<\/em><\/p>\n<p><strong>Universit\u00e4tskonferenz zum Thema Kinderpsychotherapie<\/strong><br \/>Vortrag<br \/><em>11.\u201313. Mai 2008, Lviv\/Lemberg<\/em><\/p>\n<p><strong>Jour Fixe der \u00d6sterreichischen Gesellschaft f\u00fcr Kinder-<br \/>und Jugendlichenpsychotherapie (\u00f6kids)<\/strong><br \/>Vortrag: Pr\u00e4- und Perinatal orientierte Psychotherapie \u2013<br \/>Stellenwert (vor)geburtlicher Erfahrungen<br \/><em>4. M\u00e4rz 2008, Wien<\/em><\/p>\n<p><strong>4. \u00d6sterreichische Tagung f\u00fcr Kinder- und Jugendlichen- Psychotherapie \u2013 \u201eAggression bei Jugendlichen aus interdisziplin\u00e4rer Sicht\u201c<\/strong><br \/>Vortrag: Prim\u00e4rnarzistische Widerst\u00e4nde in der<br \/>Behandlung von Bulimie<br \/><em>16.\/17. November 2007, Eisenstadt<\/em><\/p>\n<p><strong>Psychotherapie-Ausbildungsseminar in Pr\u00e4- und<br \/>Perinatal orientierter Psychotherapie<\/strong><br \/>Vortrag<br \/><em>5.\u20138. Oktober 2007, Lviv\/Lemberg<\/em><\/p>\n<p><strong>20. Heidelberger Arbeitstagung der Internationalen Studiengemeinschaft f\u00fcr Pr\u00e4natale und<br \/>Perinatale Psychologie und Medizin (ISPPM)<\/strong><br \/>Vortrag: Pr\u00e4- und perintal orientierte Psychotherapie aus analytischer und bindungstheoretischer Sicht<br \/><em>1.\/2. September 2007, Heidelberg<\/em><\/p>\n<p><strong>Psychotherapie-Ausbildungsseminar in Pr\u00e4- und<br \/>Perinatal orientierter Psychotherapie<\/strong><br \/>Vortrag: Die psychische Geburt des Menschen<br \/><em>16.\u201318. M\u00e4rz 2007, Lviv\/Lemberg<\/em><\/p>\n<p><strong>XVI. Weltkongress der Internationalen Studiengemeinschaft f\u00fcr Pr\u00e4natale und Perinatale Psychologie und Medizin (ISPPM)<\/strong><br \/>Vortrag: Die psychische Geburt des Menschen \u2013 pr\u00e4natale und bindungstheoretische Aspekte<br \/><em>2.\u20135. Juni 2005, Heidelberg<\/em><\/p>\n<\/section>\n<p>[\/et_pb_text][\/et_pb_column][et_pb_column type=&#8220;1_2&#8243; _builder_version=&#8220;4.27.4&#8243; _module_preset=&#8220;default&#8220; global_colors_info=&#8220;{}&#8220; theme_builder_area=&#8220;post_content&#8220;][et_pb_text _builder_version=&#8220;4.27.4&#8243; _module_preset=&#8220;default&#8220; hover_enabled=&#8220;0&#8243; global_colors_info=&#8220;{}&#8220; theme_builder_area=&#8220;post_content&#8220; sticky_enabled=&#8220;0&#8243;]<\/p>\n<p><strong>17. Heidelberger Arbeitstagung der Internationalen Studiengemeinschaft f\u00fcr Pr\u00e4natale und Perinatale Psychologie und Medizin (ISPPM)<\/strong>\u00a0Vortrag: Der K\u00f6rper und die Verk\u00f6rperung \u2013 fr\u00fche Formen des Selbsterlebens im k\u00fcnstlerischen Ausdruck<br \/><em>12.\u201314. November 2004, Heidelberg<\/em><\/p>\n<p><strong>\u201eWege zum Selbst\u201c \u2013 Tagung der Society for Meditation and Meditation Research (SMMR) und des Deutschen Kollegiums f\u00fcr Transpersonale Psychologie und Psychotherapie (DKTP)<\/strong>\u00a0Vortrag: Das interpersonelle und essenzielle Selbst in Interaktion \u2013 eine bindungstheoretische Perspektive<br \/><em>20.\/21. Mai 2004, K\u00f6ln<\/em><\/p>\n<p><strong>16. Heidelberger Arbeitstagung der Internationalen Studiengemeinschaft f\u00fcr Pr\u00e4natale und Perinatale Psychologie und Medizin (ISPPM)<\/strong>\u00a0Vortrag: Pr\u00e4natale Wurzeln menschlicher Bezogenheit<br \/><em>4.\/5. Oktober 2003, Heidelberg<\/em><\/p>\n<p><strong>Symposion \u201ePr\u00e4natale Wurzeln der Individuation. Zur Wiederentdeckung Gustav H. Grabers\u201c Veranstalter: Universit\u00e4t Salzburg und Internationale Studiengemeinschaft f\u00fcr Pr\u00e4natale und Perinatale Psychologie und Medizin (ISPPM)<\/strong>\u00a0Vortrag<br \/><em>3.\u20135. September 2003, Salzburg<\/em><\/p>\n<p><strong>13. Jahrestagung der Internationalen Gesellschaft f\u00fcr Kunst, Gestaltung und Therapie (IGKGT\/IAACT)<\/strong>\u00a0Vortrag: Spirituelle Aspekte des pr\u00e4natalen Erlebens und ihre k\u00fcnstlerische Verarbeitung<br \/>Workshop: Transpersonale Aspekte pr\u00e4nataler Bindung<br \/><em>4.\u20136. Oktober 2002, Salzburg<\/em><\/p>\n<p><strong>XV. Weltkongress der Internationalen Studiengemeinschaft f\u00fcr Pr\u00e4natale und Perinatale Psychologie und Medizin (ISPPM)<\/strong>\u00a0Vortrag: Pr\u00e4natale Bindung und spirituelle Erfahrung<br \/><em>19.\u201322. September 2002, Budapest<\/em><\/p>\n<p><strong>3. Weltkongress f\u00fcr Psychotherapie<\/strong>\u00a0Vortrag: Bindung als Antwort auf Globalisierung<br \/><em>14.\u201318. Juli 2002, Wien<\/em><\/p>\n<p><strong>International Congress on Embryology, Therapy and Society<\/strong>\u00a0Vortr\u00e4ge: Therapeutische Kommunikation im prim\u00e4ren Bindungsraum: energetische Bindung, Spirituelle Dimensionen vorgeburtlichen Erlebens, Podiumsdiskussion<br \/><em>8.\u201312. Mai 2002, Nijmegen, Niederlande<\/em><\/p>\n<p><strong>Vortr\u00e4ge \u00fcber die Depression bzw. den emotionalen Missbrauch<\/strong>\u00a0Wien 9 und 23<\/p>\n<p><strong>Jour Fixe der Sektion Integrative Gestalttherapie im \u00d6sterreichischen Arbeitskreis f\u00fcr Gruppentherapie und Gruppendynamik (\u00d6AGG)<\/strong>\u00a0Vortr\u00e4ge<br \/><em>2000, Wien<\/em><\/p>\n<p><strong>2. Weltkongress f\u00fcr Psychotherapie<\/strong>\u00a0Sektion Religion und Spiritualit\u00e4t und Sektion Kinderpsychotherapie<br \/><em>4.\u20138. Juli 1999, Wien<\/em><\/p>\n<p><strong>Institut f\u00fcr Pr\u00e4natale Psychologie\u00a0<\/strong>(Heidelberg)<strong>:\u00a0<\/strong><em>Pr\u00e4natale Dimension in der psychosomatischen Medizin<\/em><\/p>\n<p><em>27\/28. 04. 2013<\/em><\/p>\n<p><strong>Vortrag: Pr\u00e4natale Wurzeln psychosomatischer Symptome aus Sicht der Pr\u00e4- und Perinatal orientierten Psychotherapie<\/strong><\/p>\n<p>Kurzworkshop, link:<a href=\"http:\/\/www.isppm.de\/\">\u00a0www.isppm.de<\/a><\/p>\n<ul><\/ul>\n<p>[\/et_pb_text][\/et_pb_column][\/et_pb_row][\/et_pb_section]<\/p>\n","protected":false},"excerpt":{"rendered":"<p>PPP Fortbildungen und Seminare im Ausland 2007 &#8211; 2014 Ukraine, Lemberg: PPP Projekt und Supervisionsgruppe 2011 &#8211; 2014 PPP Projekt im Polen, Krakau: PPP Projekt und Supervisionsgruppe: www.academiapsyche.pl 2008 Italien, Uni Parma, Mikropsychoanalyse in Sizilien Deutschland: Heidelberg, Frankfurt, K\u00f6ln 2002 Niederlande: Nijmegen Interview f\u00fcr EWTN TV u.d.T.: \u201edas Kind vor der Geburt \u2013 das embryonale [&hellip;]<\/p>\n","protected":false},"author":1,"featured_media":0,"parent":96310,"menu_order":0,"comment_status":"closed","ping_status":"closed","template":"","meta":{"_et_pb_use_builder":"on","_et_pb_old_content":"","_et_gb_content_width":"","footnotes":""},"class_list":["post-100085","page","type-page","status-publish","hentry"],"_links":{"self":[{"href":"https:\/\/www.barbarajakel.at\/it\/wp-json\/wp\/v2\/pages\/100085","targetHints":{"allow":["GET"]}}],"collection":[{"href":"https:\/\/www.barbarajakel.at\/it\/wp-json\/wp\/v2\/pages"}],"about":[{"href":"https:\/\/www.barbarajakel.at\/it\/wp-json\/wp\/v2\/types\/page"}],"author":[{"embeddable":true,"href":"https:\/\/www.barbarajakel.at\/it\/wp-json\/wp\/v2\/users\/1"}],"replies":[{"embeddable":true,"href":"https:\/\/www.barbarajakel.at\/it\/wp-json\/wp\/v2\/comments?post=100085"}],"version-history":[{"count":4,"href":"https:\/\/www.barbarajakel.at\/it\/wp-json\/wp\/v2\/pages\/100085\/revisions"}],"predecessor-version":[{"id":100089,"href":"https:\/\/www.barbarajakel.at\/it\/wp-json\/wp\/v2\/pages\/100085\/revisions\/100089"}],"up":[{"embeddable":true,"href":"https:\/\/www.barbarajakel.at\/it\/wp-json\/wp\/v2\/pages\/96310"}],"wp:attachment":[{"href":"https:\/\/www.barbarajakel.at\/it\/wp-json\/wp\/v2\/media?parent=100085"}],"curies":[{"name":"wp","href":"https:\/\/api.w.org\/{rel}","templated":true}]}}