{"id":100066,"date":"2025-02-24T22:05:13","date_gmt":"2025-02-24T22:05:13","guid":{"rendered":"http:\/\/bj.krei.pl\/?page_id=100066"},"modified":"2025-02-24T23:39:05","modified_gmt":"2025-02-24T23:39:05","slug":"therapiemethode-spezialgebiet","status":"publish","type":"page","link":"https:\/\/www.barbarajakel.at\/pl\/person-de\/therapiemethode-spezialgebiet\/","title":{"rendered":"metoda terapii i specjalizacja"},"content":{"rendered":"<p>[et_pb_section fb_built=&#8220;1&#8243; _builder_version=&#8220;4.27.4&#8243; _module_preset=&#8220;default&#8220; background_enable_color=&#8220;off&#8220; use_background_color_gradient=&#8220;on&#8220; background_color_gradient_stops=&#8220;#f8f5ed 0%|rgba(248,245,237,0.92) 100%&#8220; background_color_gradient_overlays_image=&#8220;on&#8220; background_enable_image=&#8220;off&#8220; custom_padding=&#8220;40px||40px||true|false&#8220; locked=&#8220;off&#8220; global_colors_info=&#8220;{}&#8220;][et_pb_row custom_padding_last_edited=&#8220;on|phone&#8220; _builder_version=&#8220;4.18.1&#8243; _module_preset=&#8220;default&#8220; custom_padding_tablet=&#8220;&#8220; custom_padding_phone=&#8220;0px||||false|false&#8220; custom_css_main_element=&#8220;display: flex;||align-items: center;&#8220; global_colors_info=&#8220;{}&#8220; custom_css_main_element_last_edited=&#8220;on|tablet&#8220; custom_css_main_element_tablet=&#8220;display: block;&#8220; custom_css_main_element_phone=&#8220;display: block;&#8220;][et_pb_column type=&#8220;4_4&#8243; _builder_version=&#8220;4.18.1&#8243; _module_preset=&#8220;default&#8220; global_colors_info=&#8220;{}&#8220;][et_pb_text _builder_version=&#8220;4.18.1&#8243; _dynamic_attributes=&#8220;content&#8220; _module_preset=&#8220;default&#8220; header_2_text_color=&#8220;#000000&#8243; header_2_font_size=&#8220;40px&#8220; custom_margin=&#8220;||0px||false|false&#8220; custom_margin_tablet=&#8220;||10px||false|false&#8220; custom_margin_phone=&#8220;||10px||false|false&#8220; custom_margin_last_edited=&#8220;on|phone&#8220; header_2_font_size_tablet=&#8220;36px&#8220; header_2_font_size_phone=&#8220;30px&#8220; header_2_font_size_last_edited=&#8220;on|phone&#8220; global_colors_info=&#8220;{}&#8220;]@ET-DC@eyJkeW5hbWljIjp0cnVlLCJjb250ZW50IjoicG9zdF90aXRsZSIsInNldHRpbmdzIjp7ImJlZm9yZSI6IjxoMj4iLCJhZnRlciI6IjwvaDI+In19@[\/et_pb_text][\/et_pb_column][\/et_pb_row][\/et_pb_section][et_pb_section fb_built=&#8220;1&#8243; _builder_version=&#8220;4.16&#8243; _module_preset=&#8220;default&#8220; global_colors_info=&#8220;{}&#8220;][et_pb_row column_structure=&#8220;1_2,1_2&#8243; use_custom_gutter=&#8220;on&#8220; gutter_width=&#8220;2&#8243; custom_padding_last_edited=&#8220;on|tablet&#8220; _builder_version=&#8220;4.16&#8243; _module_preset=&#8220;default&#8220; custom_padding=&#8220;||0px||false|false&#8220; custom_padding_tablet=&#8220;0px||0px||false|false&#8220; custom_padding_phone=&#8220;0px||0px||false|false&#8220; global_colors_info=&#8220;{}&#8220;][et_pb_column type=&#8220;1_2&#8243; _builder_version=&#8220;4.16&#8243; _module_preset=&#8220;default&#8220; global_colors_info=&#8220;{}&#8220;][et_pb_code _builder_version=&#8220;4.18.1&#8243; _module_preset=&#8220;default&#8220; global_colors_info=&#8220;{}&#8220;]<\/p>\n<style><!-- [et_pb_line_break_holder] -->  .dw-blog .et_pb_post{<!-- [et_pb_line_break_holder] -->    overflow:hidden;<!-- [et_pb_line_break_holder] -->  }<!-- [et_pb_line_break_holder] --><\/style>\n<p>[\/et_pb_code][et_pb_text _builder_version=&#8220;4.27.4&#8243; _module_preset=&#8220;default&#8220; global_colors_info=&#8220;{}&#8220;]<\/p>\n<h2>INTEGRATIVER ANSATZ<\/h2>\n<p><strong>analytisch orientierte Psychotherapie, Gestalttherapie,<br \/>K\u00f6rpertherapie, Kunsttherapie<\/strong><\/p>\n<p>Meine Therapieform ist eine Kombination von Methoden, die sich darauf konzen\u00adtrieren, eigene Gef\u00fchle wahrzunehmen, zu verstehen und danach zu handeln, statt sich davon beherrschen zu lassen. Es geht mir darum, Sie in Ihrem Prozess so zu begleiten, dass Ihre \u2013 oft verdr\u00e4ngten \u2013 Bed\u00fcrfnisse im therapeutischen Rahmen gesehen und akzeptiert werden. Erst dann kann man alte Muster durchbrechen und eine Ver\u00e4nderung bewirken. Den Schwerpunkt bildet die Verbindung zwischen K\u00f6rperempfindungen, inneren Bildern und sprachlichen Assoziationen.<\/p>\n<p>Es geht darum, jene psychische Entfaltung zu erm\u00f6glichen, welche durch fr\u00fche Beziehungsst\u00f6rungen verhindert wurden, nicht selten schon vor, w\u00e4hrend oder nach der Geburt entstanden. Die Priorit\u00e4t gilt der therapeutischen Beziehung, in der eine Umwandlung von st\u00f6renden Verhaltensmustern erfahren werden soll. Da die erste Beziehung schon im Mutterleib entsteht, und die vorgeburtliche Thematik in meiner Arbeit ber\u00fccksichtigt wird, richtet sich diese Therapieform auch an\u00a0<strong>schwangere Frauen<\/strong>, sowie Menschen mit\u00a0<strong>Geburtstrauma<\/strong>. Der multidimensionale Zugang zum fr\u00fchen Erleben kann diese fr\u00fchen Pr\u00e4gungen positiv beeinflussen.<\/p>\n<p>[\/et_pb_text][\/et_pb_column][et_pb_column type=&#8220;1_2&#8243; _builder_version=&#8220;4.16&#8243; _module_preset=&#8220;default&#8220; global_colors_info=&#8220;{}&#8220;][et_pb_text _builder_version=&#8220;4.27.4&#8243; _module_preset=&#8220;default&#8220; global_colors_info=&#8220;{}&#8220;]<\/p>\n<h2>SPEZIALGEBIET<\/h2>\n<p><strong>Schwangerschaft und Geburt \/ vorgeburtliches und geburtliches Trauma<br \/>und weiters:<\/strong><\/p>\n<p>Angeh\u00f6rigenarbeit, \u00c4ngste, Arbeit und Beruf, Beziehung \/ Ehe, Burnout, Depression, Ess-St\u00f6rungen, Frauen-Themen, Gewalt-Opfer, Hypochondrie, Interkulturelle Psychotherapie, Jugendliche, K\u00f6rper, Krise, Neurosen, Online-Sucht, Pers\u00f6nlichkeits-St\u00f6rungen, Pr\u00e4ventive Psychotherapie, Psychosomatik, Religion und Spiritualit\u00e4t, Schmerzen, Selbsterfahrung, Sexualit\u00e4t, sexueller Missbrauch, Sinn und Sinnfindung, Stress \/ Entspannung, Tr\u00e4ume \/ Traumarbeit, Trennung \/ Scheidung, Zw\u00e4nge<\/p>\n<h2>SIE K\u00d6NNEN MEINE HILFE IN ANSPRUCH NEHMEN, WENN:<\/h2>\n<ul>\n<li>Sie alleine nicht zurechtkommen und daher Unterst\u00fctzung brauchen<\/li>\n<li>Lebenskrisen oder Alltagsstress nicht mehr alleine bew\u00e4ltigen<\/li>\n<li>von emotionalen Problemen belastet werden, wie Angst, Panickattacken, Albtr\u00e4ume, Nervosit\u00e4t, Unsicherheit, Mangel an Selbstvertrauen, Minderwertigkeitskomplexe Kontakt- und Beziehungsprobleme haben<\/li>\n<li>von psychosomatischen Leiden geplagt werden, wie Magen- und Darmprobleme, chronische Schmerzen, Schlaf- oder Herzrhytmusst\u00f6rungen, Allergien Schwangerschaftsprobleme haben (Unfruchtbarkeit,Verlauf und Geburt)<\/li>\n<li>ein Geburtstrauma haben oder vermuten<\/li>\n<li>sich pers\u00f6nlich entfalten wollen<\/li>\n<li>Ihren Glauben an sich selbst und die tragende Kraft des Lebens vorl\u00e4ufig verloren haben<\/li>\n<\/ul>\n<p>[\/et_pb_text][\/et_pb_column][\/et_pb_row][\/et_pb_section]<\/p>\n","protected":false},"excerpt":{"rendered":"<p>INTEGRATIVER ANSATZ analytisch orientierte Psychotherapie, Gestalttherapie,K\u00f6rpertherapie, Kunsttherapie Meine Therapieform ist eine Kombination von Methoden, die sich darauf konzen\u00adtrieren, eigene Gef\u00fchle wahrzunehmen, zu verstehen und danach zu handeln, statt sich davon beherrschen zu lassen. Es geht mir darum, Sie in Ihrem Prozess so zu begleiten, dass Ihre \u2013 oft verdr\u00e4ngten \u2013 Bed\u00fcrfnisse im therapeutischen Rahmen gesehen [&hellip;]<\/p>\n","protected":false},"author":1,"featured_media":0,"parent":96310,"menu_order":0,"comment_status":"closed","ping_status":"closed","template":"","meta":{"_et_pb_use_builder":"on","_et_pb_old_content":"","_et_gb_content_width":"","footnotes":""},"class_list":["post-100066","page","type-page","status-publish","hentry"],"_links":{"self":[{"href":"https:\/\/www.barbarajakel.at\/pl\/wp-json\/wp\/v2\/pages\/100066","targetHints":{"allow":["GET"]}}],"collection":[{"href":"https:\/\/www.barbarajakel.at\/pl\/wp-json\/wp\/v2\/pages"}],"about":[{"href":"https:\/\/www.barbarajakel.at\/pl\/wp-json\/wp\/v2\/types\/page"}],"author":[{"embeddable":true,"href":"https:\/\/www.barbarajakel.at\/pl\/wp-json\/wp\/v2\/users\/1"}],"replies":[{"embeddable":true,"href":"https:\/\/www.barbarajakel.at\/pl\/wp-json\/wp\/v2\/comments?post=100066"}],"version-history":[{"count":5,"href":"https:\/\/www.barbarajakel.at\/pl\/wp-json\/wp\/v2\/pages\/100066\/revisions"}],"predecessor-version":[{"id":100116,"href":"https:\/\/www.barbarajakel.at\/pl\/wp-json\/wp\/v2\/pages\/100066\/revisions\/100116"}],"up":[{"embeddable":true,"href":"https:\/\/www.barbarajakel.at\/pl\/wp-json\/wp\/v2\/pages\/96310"}],"wp:attachment":[{"href":"https:\/\/www.barbarajakel.at\/pl\/wp-json\/wp\/v2\/media?parent=100066"}],"curies":[{"name":"wp","href":"https:\/\/api.w.org\/{rel}","templated":true}]}}