{"id":100076,"date":"2025-02-24T22:09:52","date_gmt":"2025-02-24T22:09:52","guid":{"rendered":"http:\/\/bj.krei.pl\/?page_id=100076"},"modified":"2025-02-24T22:12:42","modified_gmt":"2025-02-24T22:12:42","slug":"setting-praxis","status":"publish","type":"page","link":"https:\/\/www.barbarajakel.at\/pl\/person-de\/setting-praxis\/","title":{"rendered":"Ustawienia i praktyka"},"content":{"rendered":"<p>[et_pb_section fb_built=&#8220;1&#8243; _builder_version=&#8220;4.27.4&#8243; _module_preset=&#8220;default&#8220; background_enable_color=&#8220;off&#8220; use_background_color_gradient=&#8220;on&#8220; background_color_gradient_stops=&#8220;#f8f5ed 0%|rgba(248,245,237,0.92) 100%&#8220; background_color_gradient_overlays_image=&#8220;on&#8220; background_enable_image=&#8220;off&#8220; custom_padding=&#8220;40px||40px||true|false&#8220; locked=&#8220;off&#8220; global_colors_info=&#8220;{}&#8220; theme_builder_area=&#8220;post_content&#8220;][et_pb_row custom_padding_last_edited=&#8220;on|phone&#8220; _builder_version=&#8220;4.18.1&#8243; _module_preset=&#8220;default&#8220; custom_padding_tablet=&#8220;&#8220; custom_padding_phone=&#8220;0px||||false|false&#8220; custom_css_main_element=&#8220;display: flex;||align-items: center;&#8220; global_colors_info=&#8220;{}&#8220; custom_css_main_element_last_edited=&#8220;on|tablet&#8220; custom_css_main_element_tablet=&#8220;display: block;&#8220; custom_css_main_element_phone=&#8220;display: block;&#8220; theme_builder_area=&#8220;post_content&#8220;][et_pb_column type=&#8220;4_4&#8243; _builder_version=&#8220;4.18.1&#8243; _module_preset=&#8220;default&#8220; global_colors_info=&#8220;{}&#8220; theme_builder_area=&#8220;post_content&#8220;][et_pb_text _builder_version=&#8220;4.18.1&#8243; _dynamic_attributes=&#8220;content&#8220; _module_preset=&#8220;default&#8220; header_2_text_color=&#8220;#000000&#8243; header_2_font_size=&#8220;40px&#8220; custom_margin=&#8220;||0px||false|false&#8220; custom_margin_tablet=&#8220;||10px||false|false&#8220; custom_margin_phone=&#8220;||10px||false|false&#8220; custom_margin_last_edited=&#8220;on|phone&#8220; header_2_font_size_tablet=&#8220;36px&#8220; header_2_font_size_phone=&#8220;30px&#8220; header_2_font_size_last_edited=&#8220;on|phone&#8220; global_colors_info=&#8220;{}&#8220; theme_builder_area=&#8220;post_content&#8220;]@ET-DC@eyJkeW5hbWljIjp0cnVlLCJjb250ZW50IjoicG9zdF90aXRsZSIsInNldHRpbmdzIjp7ImJlZm9yZSI6IjxoMj4iLCJhZnRlciI6IjwvaDI+In19@[\/et_pb_text][\/et_pb_column][\/et_pb_row][\/et_pb_section][et_pb_section fb_built=&#8220;1&#8243; _builder_version=&#8220;4.16&#8243; _module_preset=&#8220;default&#8220; global_colors_info=&#8220;{}&#8220; theme_builder_area=&#8220;post_content&#8220;][et_pb_row _builder_version=&#8220;4.27.4&#8243; _module_preset=&#8220;default&#8220; theme_builder_area=&#8220;post_content&#8220; column_structure=&#8220;1_2,1_2&#8243;][et_pb_column _builder_version=&#8220;4.27.4&#8243; _module_preset=&#8220;default&#8220; type=&#8220;1_2&#8243; theme_builder_area=&#8220;post_content&#8220;][et_pb_text _builder_version=&#8220;4.27.4&#8243; _module_preset=&#8220;default&#8220; hover_enabled=&#8220;0&#8243; global_colors_info=&#8220;{}&#8220; theme_builder_area=&#8220;post_content&#8220; sticky_enabled=&#8220;0&#8243; custom_margin=&#8220;0px||||false|false&#8220;]<\/p>\n<section class=\"ckeditorhtml\">\n<h2>FORM UND ART DER T\u00c4TIGKEIT<\/h2>\n<p>Einzelstunden: 50- oder 75-Minuten-Sitzung, Honorar nach Vereinbarung, Kassenzuschuss m\u00f6glich<\/p>\n<p><strong>Seminare:<\/strong>\u00a0Fort- und Weiterbildung<br \/>nach der PPP-Methode (<a href=\"https:\/\/www.barbarajakel.at\/therapiemethode-spezialgebiet\">siehe Spezialgebiet<\/a>)<\/p>\n<p><strong>Therapien, l\u00e4ngerfristig:<\/strong>\u00a0PPP-Methode<\/p>\n<p><strong>Form:<\/strong>\u00a0sitzend oder liegend<\/p>\n<p><strong>Frequenz:<\/strong>\u00a0einmal oder zwei mal w\u00f6chentlich<\/p>\n<p><strong>Selbsterfahrungsgruppen<\/strong><\/p>\n<\/section>\n<p>[\/et_pb_text][\/et_pb_column][et_pb_column _builder_version=&#8220;4.27.4&#8243; _module_preset=&#8220;default&#8220; type=&#8220;1_2&#8243; theme_builder_area=&#8220;post_content&#8220;][et_pb_text _builder_version=&#8220;4.27.4&#8243; _module_preset=&#8220;default&#8220; global_colors_info=&#8220;{}&#8220; theme_builder_area=&#8220;post_content&#8220;]<\/p>\n<h2>PRAXIS<\/h2>\n<p>In diesen R\u00e4umlichkeiten kann Ihre Pers\u00f6nlichkeit zum Ausdruck kommen; im gesch\u00fctzten Rahmen lernen Sie Ihren \u00c4ngsten, Sorgen und Problemen zu begegnen, ohne sich dabei alleine gelassen zu f\u00fchlen.<br \/>In der offenen Atmosph\u00e4re der therapeutischen Beziehung wird es Ihnen m\u00f6glich sein, mit mehr Vertrauen in die Zukunft zu schauen.<\/p>\n<h2>JUGENDLICHE UND ERWACHSENE<\/h2>\n<ul>\n<li>Einzel-Therapie<\/li>\n<li>Gruppen-Therapie<\/li>\n<li>Seminare<\/li>\n<\/ul>\n<ul><\/ul>\n<p>[\/et_pb_text][\/et_pb_column][\/et_pb_row][\/et_pb_section]<\/p>\n","protected":false},"excerpt":{"rendered":"<p>FORM UND ART DER T\u00c4TIGKEIT Einzelstunden: 50- oder 75-Minuten-Sitzung, Honorar nach Vereinbarung, Kassenzuschuss m\u00f6glich Seminare:\u00a0Fort- und Weiterbildungnach der PPP-Methode (siehe Spezialgebiet) Therapien, l\u00e4ngerfristig:\u00a0PPP-Methode Form:\u00a0sitzend oder liegend Frequenz:\u00a0einmal oder zwei mal w\u00f6chentlich Selbsterfahrungsgruppen PRAXIS In diesen R\u00e4umlichkeiten kann Ihre Pers\u00f6nlichkeit zum Ausdruck kommen; im gesch\u00fctzten Rahmen lernen Sie Ihren \u00c4ngsten, Sorgen und Problemen zu begegnen, ohne [&hellip;]<\/p>\n","protected":false},"author":1,"featured_media":0,"parent":96310,"menu_order":0,"comment_status":"closed","ping_status":"closed","template":"","meta":{"_et_pb_use_builder":"on","_et_pb_old_content":"","_et_gb_content_width":"","footnotes":""},"class_list":["post-100076","page","type-page","status-publish","hentry"],"_links":{"self":[{"href":"https:\/\/www.barbarajakel.at\/pl\/wp-json\/wp\/v2\/pages\/100076","targetHints":{"allow":["GET"]}}],"collection":[{"href":"https:\/\/www.barbarajakel.at\/pl\/wp-json\/wp\/v2\/pages"}],"about":[{"href":"https:\/\/www.barbarajakel.at\/pl\/wp-json\/wp\/v2\/types\/page"}],"author":[{"embeddable":true,"href":"https:\/\/www.barbarajakel.at\/pl\/wp-json\/wp\/v2\/users\/1"}],"replies":[{"embeddable":true,"href":"https:\/\/www.barbarajakel.at\/pl\/wp-json\/wp\/v2\/comments?post=100076"}],"version-history":[{"count":5,"href":"https:\/\/www.barbarajakel.at\/pl\/wp-json\/wp\/v2\/pages\/100076\/revisions"}],"predecessor-version":[{"id":100083,"href":"https:\/\/www.barbarajakel.at\/pl\/wp-json\/wp\/v2\/pages\/100076\/revisions\/100083"}],"up":[{"embeddable":true,"href":"https:\/\/www.barbarajakel.at\/pl\/wp-json\/wp\/v2\/pages\/96310"}],"wp:attachment":[{"href":"https:\/\/www.barbarajakel.at\/pl\/wp-json\/wp\/v2\/media?parent=100076"}],"curies":[{"name":"wp","href":"https:\/\/api.w.org\/{rel}","templated":true}]}}