{"id":100095,"date":"2025-02-24T22:55:53","date_gmt":"2025-02-24T22:55:53","guid":{"rendered":"http:\/\/bj.krei.pl\/?page_id=100095"},"modified":"2025-02-24T23:14:26","modified_gmt":"2025-02-24T23:14:26","slug":"publikationen","status":"publish","type":"page","link":"https:\/\/www.barbarajakel.at\/pl\/publikationen\/","title":{"rendered":"publikacje"},"content":{"rendered":"<p>[et_pb_section fb_built=&#8220;1&#8243; _builder_version=&#8220;4.27.4&#8243; _module_preset=&#8220;default&#8220; background_enable_color=&#8220;off&#8220; use_background_color_gradient=&#8220;on&#8220; background_color_gradient_stops=&#8220;#f8f5ed 0%|rgba(248,245,237,0.92) 100%&#8220; background_color_gradient_overlays_image=&#8220;on&#8220; background_enable_image=&#8220;off&#8220; custom_padding=&#8220;40px||40px||true|false&#8220; locked=&#8220;off&#8220; global_colors_info=&#8220;{}&#8220;][et_pb_row custom_padding_last_edited=&#8220;on|phone&#8220; _builder_version=&#8220;4.18.1&#8243; _module_preset=&#8220;default&#8220; custom_padding_tablet=&#8220;&#8220; custom_padding_phone=&#8220;0px||||false|false&#8220; custom_css_main_element=&#8220;display: flex;||align-items: center;&#8220; global_colors_info=&#8220;{}&#8220; custom_css_main_element_last_edited=&#8220;on|tablet&#8220; custom_css_main_element_tablet=&#8220;display: block;&#8220; custom_css_main_element_phone=&#8220;display: block;&#8220;][et_pb_column type=&#8220;4_4&#8243; _builder_version=&#8220;4.18.1&#8243; _module_preset=&#8220;default&#8220; global_colors_info=&#8220;{}&#8220;][et_pb_text _builder_version=&#8220;4.18.1&#8243; _dynamic_attributes=&#8220;content&#8220; _module_preset=&#8220;default&#8220; header_2_text_color=&#8220;#000000&#8243; header_2_font_size=&#8220;40px&#8220; custom_margin=&#8220;||0px||false|false&#8220; custom_margin_tablet=&#8220;||10px||false|false&#8220; custom_margin_phone=&#8220;||10px||false|false&#8220; custom_margin_last_edited=&#8220;on|phone&#8220; header_2_font_size_tablet=&#8220;36px&#8220; header_2_font_size_phone=&#8220;30px&#8220; header_2_font_size_last_edited=&#8220;on|phone&#8220; global_colors_info=&#8220;{}&#8220;]@ET-DC@eyJkeW5hbWljIjp0cnVlLCJjb250ZW50IjoicG9zdF90aXRsZSIsInNldHRpbmdzIjp7ImJlZm9yZSI6IjxoMj4iLCJhZnRlciI6IjwvaDI+In19@[\/et_pb_text][\/et_pb_column][\/et_pb_row][\/et_pb_section][et_pb_section fb_built=&#8220;1&#8243; _builder_version=&#8220;4.16&#8243; _module_preset=&#8220;default&#8220; global_colors_info=&#8220;{}&#8220;][et_pb_row _builder_version=&#8220;4.27.4&#8243; _module_preset=&#8220;default&#8220; global_colors_info=&#8220;{}&#8220;][et_pb_column type=&#8220;4_4&#8243; _builder_version=&#8220;4.27.4&#8243; _module_preset=&#8220;default&#8220; global_colors_info=&#8220;{}&#8220;][et_pb_text module_class=&#8220;publicat&#8220; _builder_version=&#8220;4.27.4&#8243; _module_preset=&#8220;default&#8220; custom_margin=&#8220;0px||||false|false&#8220; hover_enabled=&#8220;0&#8243; custom_css_free_form=&#8220;selector img {||    max-height: 250px;||    float: left;||    margin: 15px;||}||&#8220; global_colors_info=&#8220;{}&#8220; sticky_enabled=&#8220;0&#8243;]<\/p>\n<p>Pr\u00e4natale Versorgungskonflikte in der Behandlung von Essst\u00f6rungen aus der Sicht von PPP (Pr\u00e4- und Perinatal orientierte Psychotherapie)<br \/><a href=\"http:\/\/www.mattes.de\/buecher\/praenatale_psychologie\/PP_PDF\/PP_21_3-4_Jakel.pdf\">http:\/\/www.mattes.de\/buecher\/praenatale_psychologie\/PP_PDF\/PP_21_3-4_Jakel.pdf<\/a><\/p>\n<p>Pr\u00e4natale Wurzeln menschlicher Bezogenheit<br \/><a href=\"http:\/\/www.mattes.de\/buecher\/praenatale_psychologie\/978-3-930978-70-0_buch.pdf\">http:\/\/www.mattes.de\/buecher\/praenatale_psychologie\/978-3-930978-70-0_buch.pdf<\/a><\/p>\n<h2>ERSCHIENEN<\/h2>\n<div><a class=\"fancybox\" href=\"https:\/\/www.barbarajakel.at\/public\/images\/content\/pub_2013_praenatale-dimension.jpg?temp=29112022194208\"><img decoding=\"async\" src=\"https:\/\/www.barbarajakel.at\/public\/images\/content\/pub_2013_praenatale-dimension.jpg?temp=29112022194208\" \/><\/a><strong>Pr\u00e4- und Perinatal orientierte Psychotherapie in Praxis<\/strong><br \/><em>In: L. Janus (Hrsg.) \u201eDie pr\u00e4natale Dimension in der Psychotherapie\u201c, S.\u00a0196\u2013217, Mattes Verlag, Heidelberg, 2013<\/em><\/div>\n<div><a class=\"fancybox\" href=\"https:\/\/www.barbarajakel.at\/public\/images\/content\/pub_2013_kaiserschnitt.jpg?temp=29112022194339\"><img decoding=\"async\" src=\"https:\/\/www.barbarajakel.at\/public\/images\/content\/pub_2013_kaiserschnitt.jpg?temp=29112022194339\" \/><\/a><strong>Kaiserschnitt-Reinszenierung traumatischer Inhalte in der Einzel-und Gruppentherapie<\/strong><br \/><em>In: S. Hildebrandt, H. Blazy, J. Schacht und W. Bott:\u00a0<a href=\"http:\/\/www.mattes.de\/buecher\/praenatale_psychologie\/978-3-86809-088-8.html\">\u201eKaiserschnitt\u201c<\/a>, S.\u00a0131\u2013140, Mattes Verlag, Heidelberg, 2013<\/em><\/div>\n<h2><span>\u00a0<\/span><\/h2>\n<div><a class=\"fancybox\" href=\"https:\/\/www.barbarajakel.at\/public\/images\/content\/pub_2013_psychosozial134.jpg?temp=29112022195046\"><img decoding=\"async\" src=\"https:\/\/www.barbarajakel.at\/public\/images\/content\/pub_2013_psychosozial134.jpg?temp=29112022195046\" \/><\/a><strong>Die pr\u00e4natale Dimension in der Psychosomatischen Medizin<\/strong><br \/><em>In: L. Janus (Hrsg.)\u201epsychosozial\u201c, Nr.134 2013, Heft 4, S.\u00a039\u201350, Psychosozial-Verlag, 2013<\/em><\/div>\n<h2><span>\u00a0<\/span><\/h2>\n<div><a class=\"fancybox\" href=\"https:\/\/www.barbarajakel.at\/public\/images\/content\/pub_2013_verborgene-wahrheiten.jpg?temp=29112022195236\"><img decoding=\"async\" src=\"https:\/\/www.barbarajakel.at\/public\/images\/content\/pub_2013_verborgene-wahrheiten.jpg?temp=29112022195236\" \/><\/a><strong>Pr\u00e4- und perinatale Aspekte der Gruppenpsychodynamik- Gruppe als Uterus<\/strong><br \/><em>In: S. Hildebrandt und H. Alberti (Hrsg.): \u201eVerborgene Wahrheiten\u201c, S.\u00a064\u201380, Mattes Verlag, Heidelberg, 2013<\/em><\/div>\n<h2><span>\u00a0<\/span><\/h2>\n<div><em>P<\/em><a class=\"fancybox\" href=\"https:\/\/www.barbarajakel.at\/public\/images\/content\/pub_2013_ciazaczy-stan-blogoslawiony.jpg?temp=29112022201358\"><img decoding=\"async\" src=\"https:\/\/www.barbarajakel.at\/public\/images\/content\/pub_2013_ciazaczy-stan-blogoslawiony.jpg?temp=29112022201358\" \/><\/a><em>olnisch:\u00a0<\/em><strong>Prenatalne korzenie przywi\u0105zania w psychoterapii<\/strong><br \/><em>In: E. Lichtenberg- Kokoszka: \u201eCiaza czy stan blogoslawiony\u201c, S.\u00a093\u2013117, Verlag impuls, Krakau, 2011<\/em><\/div>\n<p><strong>Le radici prenatali dell&#8217;atteaccamento in psicoterapia: Le Prime Interazioni Madre \u2013 Bambino<\/strong><br \/><em>Luigi Baldari, Edizione 2011, S.103, Verlag: ALPES, Rom, 2010<\/em><\/p>\n<p><strong>Pr\u00e4natale Versorgungskonflikte in der Behandlung von Essst\u00f6rungen aus der Sicht von PPP (Pr\u00e4- und Perinatal orientierte Psychotherapie)<\/strong><br \/><em>In: Int. J. Prenatal and Perinatal Psychology and Medicine (Mattes Verlag, Heidelberg, 2009) \u2013 Vol. 21, 2009 \u2013 No. 3\/4<\/em><\/p>\n<div><a class=\"fancybox\" href=\"https:\/\/www.barbarajakel.at\/public\/images\/content\/pub_2008_pppmedicineVol20_3-4.jpg?temp=29112022201523\"><img decoding=\"async\" alt=\"International Journal of Prenatal and Perinatal Psychology and Medicine\" src=\"https:\/\/www.barbarajakel.at\/public\/images\/content\/pub_2008_pppmedicineVol20_3-4.jpg?temp=29112022201523\" \/><\/a><strong>Pr\u00e4natale Wurzeln der Psychotherapie \u2013 eine bindungstheoretische Perspektive \/ Prenatal Roots of Attachment in Psychotherapy<\/strong><br \/><em>In: International Journal of Prenatal and Perinatal Psychology and Medicine Vol. 20, 2008 \u2013 No. 3\/4<\/em><\/div>\n<h2><span>\u00a0<\/span><\/h2>\n<div><a class=\"fancybox\" href=\"https:\/\/www.barbarajakel.at\/public\/images\/content\/pub_2008_mattes-kunst.jpg?temp=29112022201659\"><img decoding=\"async\" alt=\"Der K\u00f6rper und die Verk\u00f6rperung \u2013 Fr\u00fche Formen des Selbsterlebens im k\u00fcnstlerischen Ausdruck In: Ludwig Janus \/ Klaus Evertz (Hg.): Ergebnisse der pr\u00e4natalen Psychologie, Band 3: Kunst als kulturelles Bewusstsein vorgeburtlicher und geburtlicher Erfahrungen, Mattes Verlag, Heidelberg, 2008\" src=\"https:\/\/www.barbarajakel.at\/public\/images\/content\/pub_2008_mattes-kunst.jpg?temp=29112022201659\" \/><\/a><strong>Der K\u00f6rper und die Verk\u00f6rperung \u2013 Fr\u00fche Formen des Selbsterlebens im k\u00fcnstlerischen Ausdruck<\/strong><br \/><em>In: Ludwig Janus \/ Klaus Evertz (Hg.): Ergebnisse der pr\u00e4natalen Psychologie, Band 3: Kunst als kulturelles Bewusstsein vorgeburtlicher und geburtlicher Erfahrungen, Mattes Verlag, Heidelberg, 2008<\/em><\/div>\n<p><strong>Der bipolare Weg zum Selbst \u2013 pr\u00e4natale und bindungstheoretische Aspekte<\/strong><br \/><em>In: Belschner, Wilfried \/ Piron, Harald \/ Walach, Harald (Hrsg.): \u201eBewusstseinstransformation als individuelles und gesellschaftliches Ziel\u201c, \u201ePsychologie des Bewusstseins\u201c, Band 1, LIT Verlag, M\u00fcnster, 2005<\/em><\/p>\n<p><strong>Der K\u00f6rper und die Verk\u00f6rperung \u2013 fr\u00fche Formen des Selbsterlebens im k\u00fcnstlerischen Ausdruck<\/strong><br \/>Vortrag auf der 17. Heidelberger Arbeitstagung der Internationalen Studiengemeinschaft f\u00fcr Pr\u00e4natale und Perinatale Psychologie und Medizin (ISPPM)<br \/><em>In: Janus, Ludwig (Hrsg.): \u201eErgebnisse der Pr\u00e4natalen Psychologie\u201c, Band 2, Mattes Verlag, Heidelberg, erscheint 2005<\/em><\/p>\n<div><a class=\"fancybox\" href=\"https:\/\/www.barbarajakel.at\/public\/images\/content\/pub_2004_mattes-ppp.jpg?temp=29112022201901\"><img decoding=\"async\" alt=\"Pr\u00e4natale Wurzeln menschlicher Bezogenheit\" src=\"https:\/\/www.barbarajakel.at\/public\/images\/content\/pub_2004_mattes-ppp.jpg?temp=29112022201901\" \/><\/a><strong>Pr\u00e4natale Wurzeln menschlicher Bezogenheit<\/strong><br \/><em>Vortrag auf der 16. Heidelberger Arbeitstagung der Internationalen Studiengemeinschaft f\u00fcr Pr\u00e4natale und Perinatale Psychologie und Medizin (ISPPM)<br \/>In: Janus, Ludwig (Hrsg.): \u201ePr\u00e4natale Psychologie und Psychotherapie\u201c, \u201eErgebnisse der Pr\u00e4natalen Psychologie\u201c, Band 1, Mattes Verlag, Heidelberg, 2004<\/em><\/div>\n<h2><span>\u00a0<\/span><\/h2>\n<div><strong>S<\/strong><a class=\"fancybox\" href=\"https:\/\/www.barbarajakel.at\/public\/images\/content\/pub_2003_traumaundkreativitaet.png?temp=29112022202206\"><img decoding=\"async\" alt=\"Trauma und Kreativit\u00e4t\" src=\"https:\/\/www.barbarajakel.at\/public\/images\/content\/pub_2003_traumaundkreativitaet.png?temp=29112022202206\" \/><\/a><strong>pirituelle Aspekte des pr\u00e4natalen Erlebens und ihre k\u00fcnstlerische Verarbeitung<\/strong><br \/>Vortrag auf der 13. Jahrestagung der Internationalen Gesellschaft f\u00fcr Kunst, Gestaltung und Therapie (IGKGT\/IAACT)<br \/><em>In: Hampe, Ruth \/ Martius, Philipp \/ Reiter, Alfons \/ Schottenloher, Gertraud \/ von Spreti, Flora (Hrsg.): \u201eTrauma und Kreativit\u00e4t. Therapie mit k\u00fcnstlerischen Medien\u201c, Universit\u00e4t Bremen, Bremen, 2003<\/em><\/div>\n<p><strong><\/strong><\/p>\n<p><strong><\/strong><\/p>\n<p><strong><\/strong><\/p>\n<p><strong><\/strong><\/p>\n<p><strong><\/strong><\/p>\n<p><strong>Bipolar Self, Part II<\/strong><br \/><em>In: \u201eEnergy&amp;Character\u201c, 32\/1, International Institute of Biosynthesis (IIBS), Heiden, Schweiz, September 2003<\/em><\/p>\n<p><strong>Heilender Kontakt in der therapeutischen Beziehung: Energetische Bindung, Teil 2<\/strong><br \/><em>In: \u201eEnergie&amp;Charakter\u201c, 32. Jahrgang, Heft 24, Internationales Intstitut f\u00fcr Biosynthese (IIBS), Heiden, Schweiz, Dezember 2001<\/em><\/p>\n<div><a class=\"fancybox\" href=\"https:\/\/www.barbarajakel.at\/public\/images\/content\/pub_2001_int-journal.png?temp=29112022202337\"><img decoding=\"async\" alt=\"International Journal of Psychotherapy, Vol. 6, 2001\" src=\"https:\/\/www.barbarajakel.at\/public\/images\/content\/pub_2001_int-journal.png?temp=29112022202337\" \/><\/a><strong>Bipolar Self: body psychotherapy, spirituality and bonding \u2013 searching for identity<\/strong><br \/><em>In: \u201eInternational Journal of Psychotherapy\u201c;, Volume 6, Number 2, Carfax Publishing, London, UK, Juli 2001<\/em><\/div>\n<p>[\/et_pb_text][\/et_pb_column][\/et_pb_row][\/et_pb_section]<\/p>\n","protected":false},"excerpt":{"rendered":"<p>Pr\u00e4natale Versorgungskonflikte in der Behandlung von Essst\u00f6rungen aus der Sicht von PPP (Pr\u00e4- und Perinatal orientierte Psychotherapie)http:\/\/www.mattes.de\/buecher\/praenatale_psychologie\/PP_PDF\/PP_21_3-4_Jakel.pdf Pr\u00e4natale Wurzeln menschlicher Bezogenheithttp:\/\/www.mattes.de\/buecher\/praenatale_psychologie\/978-3-930978-70-0_buch.pdf ERSCHIENEN Pr\u00e4- und Perinatal orientierte Psychotherapie in PraxisIn: L. Janus (Hrsg.) \u201eDie pr\u00e4natale Dimension in der Psychotherapie\u201c, S.\u00a0196\u2013217, Mattes Verlag, Heidelberg, 2013 Kaiserschnitt-Reinszenierung traumatischer Inhalte in der Einzel-und GruppentherapieIn: S. Hildebrandt, H. Blazy, J. [&hellip;]<\/p>\n","protected":false},"author":1,"featured_media":0,"parent":0,"menu_order":0,"comment_status":"closed","ping_status":"closed","template":"","meta":{"_et_pb_use_builder":"on","_et_pb_old_content":"","_et_gb_content_width":"","footnotes":""},"class_list":["post-100095","page","type-page","status-publish","hentry"],"_links":{"self":[{"href":"https:\/\/www.barbarajakel.at\/pl\/wp-json\/wp\/v2\/pages\/100095","targetHints":{"allow":["GET"]}}],"collection":[{"href":"https:\/\/www.barbarajakel.at\/pl\/wp-json\/wp\/v2\/pages"}],"about":[{"href":"https:\/\/www.barbarajakel.at\/pl\/wp-json\/wp\/v2\/types\/page"}],"author":[{"embeddable":true,"href":"https:\/\/www.barbarajakel.at\/pl\/wp-json\/wp\/v2\/users\/1"}],"replies":[{"embeddable":true,"href":"https:\/\/www.barbarajakel.at\/pl\/wp-json\/wp\/v2\/comments?post=100095"}],"version-history":[{"count":6,"href":"https:\/\/www.barbarajakel.at\/pl\/wp-json\/wp\/v2\/pages\/100095\/revisions"}],"predecessor-version":[{"id":100106,"href":"https:\/\/www.barbarajakel.at\/pl\/wp-json\/wp\/v2\/pages\/100095\/revisions\/100106"}],"wp:attachment":[{"href":"https:\/\/www.barbarajakel.at\/pl\/wp-json\/wp\/v2\/media?parent=100095"}],"curies":[{"name":"wp","href":"https:\/\/api.w.org\/{rel}","templated":true}]}}