{"id":96310,"date":"2022-11-01T12:18:40","date_gmt":"2022-11-01T12:18:40","guid":{"rendered":"https:\/\/themes.diviplus.io\/winery\/?page_id=10384"},"modified":"2025-03-04T21:06:05","modified_gmt":"2025-03-04T21:06:05","slug":"person-de","status":"publish","type":"page","link":"https:\/\/www.barbarajakel.at\/pl\/","title":{"rendered":"Osoba"},"content":{"rendered":"<p>[et_pb_section fb_built=&#8220;1&#8243; admin_label=&#8220;About&#8220; _builder_version=&#8220;4.24.2&#8243; _module_preset=&#8220;default&#8220; collapsed=&#8220;on&#8220; global_colors_info=&#8220;{}&#8220;][et_pb_row column_structure=&#8220;2_5,3_5&#8243; _builder_version=&#8220;4.27.4&#8243; _module_preset=&#8220;default&#8220; global_colors_info=&#8220;{}&#8220;][et_pb_column type=&#8220;2_5&#8243; _builder_version=&#8220;4.24.2&#8243; _module_preset=&#8220;default&#8220; global_colors_info=&#8220;{}&#8220;][et_pb_image src=&#8220;http:\/\/barbarajakel.at\/wp-content\/uploads\/2025\/02\/20221103_184928-scaled.webp&#8220; title_text=&#8220;20221103_184928&#8243; _builder_version=&#8220;4.27.4&#8243; _module_preset=&#8220;_initial&#8220; max_width=&#8220;250px&#8220; border_radii=&#8220;off|||500px|500px&#8220; global_colors_info=&#8220;{}&#8220;][\/et_pb_image][et_pb_text _builder_version=&#8220;4.27.4&#8243; _module_preset=&#8220;_initial&#8220; text_font=&#8220;||||||||&#8220; text_line_height=&#8220;1.6em&#8220; max_width_tablet=&#8220;100%&#8220; max_width_phone=&#8220;100%&#8220; max_width_last_edited=&#8220;on|tablet&#8220; global_colors_info=&#8220;{}&#8220;]<\/p>\n<h2>AUSBILDUNG<\/h2>\n<ul>\n<li>K\u00f6rperpsychotherapie<\/li>\n<li>Integrative Gestalttherapie<\/li>\n<li>analytisch orientierte Psychotherapie<\/li>\n<li>Lehrtherapeutin f\u00fcr Kunsttherapie<\/li>\n<li>Traumatherapie<\/li>\n<\/ul>\n<p><em>ECP European Certificate for Psychotherapy<\/em><\/p>\n<h2>Mitglied bei<\/h2>\n<ul>\n<li>Wissenschaftlicher Beirat von ISPPM (Scientific Committee of ISPPM)<\/li>\n<li>ehem. Vereinigung \u00d6sterreichischer Psychotherapeutinnen und Psychotherapeuten (<a href=\"http:\/\/www.voepp.at\/\" onclick=\"window.open(this.href); return false;\">V\u00d6PP<\/a>)<\/li>\n<li>ehem. Internationale Studiengemeinschaft f\u00fcr Pr\u00e4natale und Perinatale Psychologie und Medizin (<a href=\"http:\/\/www.isppm.de\/\" onclick=\"window.open(this.href); return false;\">ISPPM<\/a>)<\/li>\n<li>ehem. \u00d6sterreichischer Fachverband f\u00fcr Kunst- und GestaltungstherapeutInnen (<a href=\"http:\/\/www.oefkg.org\/\" onclick=\"window.open(this.href); return false;\">\u00d6FKG<\/a>)<\/li>\n<\/ul>\n<h2>Sprachen<\/h2>\n<p>Deutsch, Polnisch, Russisch, Englisch, Italienisch<\/p>\n<p>[\/et_pb_text][\/et_pb_column][et_pb_column type=&#8220;3_5&#8243; _builder_version=&#8220;4.24.2&#8243; _module_preset=&#8220;default&#8220; global_colors_info=&#8220;{}&#8220;][et_pb_text _builder_version=&#8220;4.27.4&#8243; _module_preset=&#8220;_initial&#8220; header_6_font=&#8220;Inter|700|||||||&#8220; header_6_font_size=&#8220;16px&#8220; header_6_line_height=&#8220;1.6em&#8220; header_6_font_size_tablet=&#8220;15px&#8220; header_6_font_size_phone=&#8220;14px&#8220; header_6_font_size_last_edited=&#8220;on|desktop&#8220; global_colors_info=&#8220;{}&#8220;]<\/p>\n<h2>Biografie<\/h2>\n<p>Ich bin Psychotherapeutin in eigner Praxis in Wien mit der Ausbildung in K\u00f6rperpsychotherapie, Integrativer Gestalttherapie, Lehrtherapeutin f\u00fcr Kunsttherapie, fort- und weitergebildet in analytisch orientierter Psychotherapie, sowie Traumatherapie. In Polen geboren, studierte ich dort Germanistik und P\u00e4dagogik, danach die Nostrifikation des Diploms an der Wiener Universit\u00e4t (Sprachwissenschaften\/Psychologie).<\/p>\n<p>Die Ausbildung zur K\u00f6rperpsychotherapeutin erfolgte bei ERI (Emotionale Reintegration), dann in der Sektion Integrative Gestalttherapie, \u00d6AGG. Die Arbeit mit psychisch Kranken in der Ambulanz einer psychiatrischen Klinik weckte mein Interesse an tiefen Regressionsprozessen und dissoziativen Zust\u00e4nden. Als Folge dieser klinischen Praxis, sowie jahrelanger Auseinandersetzung mit Meditationstechniken und Glaubenssystemen entwickelte sich mein Interesse am Wesen der pr\u00e4natalen Regression und den nonverbalen Aspekten der Kommunikation. Es folgten weitere Fort- und Weiterbildungen in der somatischen Traumatherapie bei B. Rothschild, sowie in der analytischen K\u00f6rper- und Psychotherapie. Den Schwerpunkt der Forschungst\u00e4tigkeit bildeten k\u00f6rpertherapeutische und spirituelle Aspekte der Psychotherapie, dann das Wesen der pr\u00e4natalen Bindung (pr\u00e4natale Bindungstheorie) und introspektive Zug\u00e4nge zum fr\u00fchen Erleben (Methodik). Ich war Mitglied im Internationalen Beirat der Zeitschrift f\u00fcr Biosynthese \u201eE&amp;Ch\u201c und wurde 2002 Lehrtherapeutin f\u00fcr Kunsttherapie. Dies und auch die Zusammenarbeit mit der ISPPM inspirierten mein Denken \u00fcber die menschliche Entwicklung und beeinflussten meinen therapeutischen Ansatz mit dem Fokus auf pr\u00e4- und perinatale Thematik.<\/p>\n<p>Zu meinem Spezialgebiet wurde der pr\u00e4natale und perinatale (vorgeburtliche und geburtliche)Entwicklungsabschnitt des Menschen. Meine klinische Forschungsarbeit f\u00fchrte mich zu \u00dcberlegungen \u00fcber die fr\u00fcheste menschliche Entwicklung, gest\u00fctzt auf die Hypothese, dass sich unsere Identit\u00e4t bereits im Mutterleib etabliert.<\/p>\n<p>So formte sich meine eigene Methode der Pr\u00e4- und Perinatal orientierten Psychotherapie. Mein Konzept der \u201eessenziellen\u201c und \u201einterpersonellen\u201c Bindung stellt die Grundlage des Verst\u00e4ndnisses der menschlichen Identit\u00e4tsbildung dar; ich nenne es \u201eBipolares Selbst\u201c. Den Schwerpunkt meiner therapeutischen T\u00e4tigkeit bildet die Arbeit an den Widerst\u00e4nden gegen das eigene kreative Potenzial, um die eigene Lebenskraft zu befreien. Oft impliziert das die Auseinandersetzung mit dem vorgeburtlichen oder\/und geburtlichen Trauma. Die Aufdeckung der so fr\u00fchen, scheinbar nicht erinnerbaren traumatischen Konflikte bedarf spezieller Zug\u00e4nge. Meine Methode, PPP genannt, verbreite ich theoretisch als auch praktisch in Vortr\u00e4gen, Publikationen, Seminaren bzw. als Projekte im In- und Ausland (Deutschland, Italien, \u00d6sterreich, Polen, Ukraine).<\/p>\n<p>[\/et_pb_text][\/et_pb_column][\/et_pb_row][\/et_pb_section]<\/p>\n","protected":false},"excerpt":{"rendered":"<p>AUSBILDUNG K\u00f6rperpsychotherapie Integrative Gestalttherapie analytisch orientierte Psychotherapie Lehrtherapeutin f\u00fcr Kunsttherapie Traumatherapie ECP European Certificate for Psychotherapy Mitglied bei Wissenschaftlicher Beirat von ISPPM (Scientific Committee of ISPPM) ehem. Vereinigung \u00d6sterreichischer Psychotherapeutinnen und Psychotherapeuten (V\u00d6PP) ehem. Internationale Studiengemeinschaft f\u00fcr Pr\u00e4natale und Perinatale Psychologie und Medizin (ISPPM) ehem. \u00d6sterreichischer Fachverband f\u00fcr Kunst- und GestaltungstherapeutInnen (\u00d6FKG) Sprachen Deutsch, Polnisch, [&hellip;]<\/p>\n","protected":false},"author":1,"featured_media":0,"parent":0,"menu_order":0,"comment_status":"closed","ping_status":"closed","template":"","meta":{"_et_pb_use_builder":"on","_et_pb_old_content":"","_et_gb_content_width":"","footnotes":""},"class_list":["post-96310","page","type-page","status-publish","hentry"],"_links":{"self":[{"href":"https:\/\/www.barbarajakel.at\/pl\/wp-json\/wp\/v2\/pages\/96310","targetHints":{"allow":["GET"]}}],"collection":[{"href":"https:\/\/www.barbarajakel.at\/pl\/wp-json\/wp\/v2\/pages"}],"about":[{"href":"https:\/\/www.barbarajakel.at\/pl\/wp-json\/wp\/v2\/types\/page"}],"author":[{"embeddable":true,"href":"https:\/\/www.barbarajakel.at\/pl\/wp-json\/wp\/v2\/users\/1"}],"replies":[{"embeddable":true,"href":"https:\/\/www.barbarajakel.at\/pl\/wp-json\/wp\/v2\/comments?post=96310"}],"version-history":[{"count":8,"href":"https:\/\/www.barbarajakel.at\/pl\/wp-json\/wp\/v2\/pages\/96310\/revisions"}],"predecessor-version":[{"id":100064,"href":"https:\/\/www.barbarajakel.at\/pl\/wp-json\/wp\/v2\/pages\/96310\/revisions\/100064"}],"wp:attachment":[{"href":"https:\/\/www.barbarajakel.at\/pl\/wp-json\/wp\/v2\/media?parent=96310"}],"curies":[{"name":"wp","href":"https:\/\/api.w.org\/{rel}","templated":true}]}}